{"id":8,"date":"2019-01-08T10:03:05","date_gmt":"2019-01-08T09:03:05","guid":{"rendered":"http:\/\/ophtalmologie-dejardin.be\/?page_id=8"},"modified":"2019-06-05T11:08:57","modified_gmt":"2019-06-05T09:08:57","slug":"ophtalmologie-dejardin","status":"publish","type":"page","link":"https:\/\/ophtalmologie-dejardin.be\/","title":{"rendered":"Ophtalmologie Dr V\u00e9ronique Dejardin &#038; Dr Micheline Dejardin d&rsquo;Horne"},"content":{"rendered":"\t\t<div data-elementor-type=\"wp-post\" data-elementor-id=\"8\" class=\"elementor elementor-8 elementor-bc-flex-widget\">\n\t\t\t\t\t\t\t\t\t<section class=\"elementor-section elementor-top-section elementor-element elementor-element-5060f9c elementor-section-boxed elementor-section-height-default elementor-section-height-default\" data-id=\"5060f9c\" data-element_type=\"section\">\n\t\t\t\t\t\t<div class=\"elementor-container elementor-column-gap-default\">\n\t\t\t\t\t<div class=\"elementor-column elementor-col-100 elementor-top-column elementor-element elementor-element-98467d6\" data-id=\"98467d6\" data-element_type=\"column\">\n\t\t\t<div class=\"elementor-widget-wrap elementor-element-populated\">\n\t\t\t\t\t\t\t\t<div class=\"elementor-element elementor-element-f689f27 animated-slow elementor-invisible elementor-widget elementor-widget-heading\" data-id=\"f689f27\" data-element_type=\"widget\" data-settings=\"{&quot;_animation&quot;:&quot;bounceIn&quot;}\" data-widget_type=\"heading.default\">\n\t\t\t\t<div class=\"elementor-widget-container\">\n\t\t\t<h1 class=\"elementor-heading-title elementor-size-xl\">Ophtalmologie<br>Dr V\u00e9ronique Dejardin &amp; Dr Micheline Dejardin-d'Horne<\/h1>\t\t<\/div>\n\t\t\t\t<\/div>\n\t\t\t\t<div class=\"elementor-element elementor-element-d1cefe2 elementor-widget elementor-widget-heading\" data-id=\"d1cefe2\" data-element_type=\"widget\" data-widget_type=\"heading.default\">\n\t\t\t\t<div class=\"elementor-widget-container\">\n\t\t\t<h1 class=\"elementor-heading-title elementor-size-large\">+32 81 84 05 33<\/h1>\t\t<\/div>\n\t\t\t\t<\/div>\n\t\t\t\t<div class=\"elementor-element elementor-element-56f96dd elementor-widget elementor-widget-spacer\" data-id=\"56f96dd\" data-element_type=\"widget\" data-widget_type=\"spacer.default\">\n\t\t\t\t<div class=\"elementor-widget-container\">\n\t\t\t\t\t<div class=\"elementor-spacer\">\n\t\t\t<div class=\"elementor-spacer-inner\"><\/div>\n\t\t<\/div>\n\t\t\t\t<\/div>\n\t\t\t\t<\/div>\n\t\t\t\t\t<\/div>\n\t\t<\/div>\n\t\t\t\t\t\t\t<\/div>\n\t\t<\/section>\n\t\t\t\t<section class=\"elementor-section elementor-top-section elementor-element elementor-element-41605f4 elementor-section-boxed elementor-section-height-default elementor-section-height-default\" data-id=\"41605f4\" data-element_type=\"section\">\n\t\t\t\t\t\t<div class=\"elementor-container elementor-column-gap-default\">\n\t\t\t\t\t<div class=\"elementor-column elementor-col-50 elementor-top-column elementor-element elementor-element-bf08165\" data-id=\"bf08165\" data-element_type=\"column\">\n\t\t\t<div class=\"elementor-widget-wrap elementor-element-populated\">\n\t\t\t\t\t\t\t\t<div class=\"elementor-element elementor-element-1b362bc elementor-widget elementor-widget-heading\" data-id=\"1b362bc\" data-element_type=\"widget\" data-widget_type=\"heading.default\">\n\t\t\t\t<div class=\"elementor-widget-container\">\n\t\t\t<h2 class=\"elementor-heading-title elementor-size-xl\">Consultations<\/h2>\t\t<\/div>\n\t\t\t\t<\/div>\n\t\t\t\t<div class=\"elementor-element elementor-element-57f8f45 elementor-widget elementor-widget-text-editor\" data-id=\"57f8f45\" data-element_type=\"widget\" data-widget_type=\"text-editor.default\">\n\t\t\t\t<div class=\"elementor-widget-container\">\n\t\t\t\t\t\t\t<p>Consultations <span style=\"text-decoration: underline;\">uniquement sur rendez-vous<\/span>.<\/p><p>Le secr\u00e9tariat est ouvert de <strong>7h30 \u00e0 19h.<\/strong><\/p><p>En cas d&#8217;emp\u00eachement, merci de contacter le secr\u00e9tariat.<\/p>\t\t\t\t\t\t<\/div>\n\t\t\t\t<\/div>\n\t\t\t\t\t<\/div>\n\t\t<\/div>\n\t\t\t\t<div class=\"elementor-column elementor-col-50 elementor-top-column elementor-element elementor-element-7fe5dec\" data-id=\"7fe5dec\" data-element_type=\"column\">\n\t\t\t<div class=\"elementor-widget-wrap elementor-element-populated\">\n\t\t\t\t\t\t\t\t<div class=\"elementor-element elementor-element-85f46d5 elementor-widget elementor-widget-image\" data-id=\"85f46d5\" data-element_type=\"widget\" data-widget_type=\"image.default\">\n\t\t\t\t<div class=\"elementor-widget-container\">\n\t\t\t\t\t\t\t\t\t\t\t\t\t\t\t<img width=\"1024\" height=\"655\" src=\"https:\/\/ophtalmologie-dejardin.be\/wp-content\/uploads\/2019\/03\/Logo-1024x655.jpg\" class=\"attachment-large size-large wp-image-75\" alt=\"\" loading=\"lazy\" srcset=\"https:\/\/ophtalmologie-dejardin.be\/wp-content\/uploads\/2019\/03\/Logo-1024x655.jpg 1024w, https:\/\/ophtalmologie-dejardin.be\/wp-content\/uploads\/2019\/03\/Logo-300x192.jpg 300w, https:\/\/ophtalmologie-dejardin.be\/wp-content\/uploads\/2019\/03\/Logo-768x492.jpg 768w, https:\/\/ophtalmologie-dejardin.be\/wp-content\/uploads\/2019\/03\/Logo-830x531.jpg 830w, https:\/\/ophtalmologie-dejardin.be\/wp-content\/uploads\/2019\/03\/Logo-230x147.jpg 230w, https:\/\/ophtalmologie-dejardin.be\/wp-content\/uploads\/2019\/03\/Logo-350x224.jpg 350w, https:\/\/ophtalmologie-dejardin.be\/wp-content\/uploads\/2019\/03\/Logo-480x307.jpg 480w\" sizes=\"(max-width: 1024px) 100vw, 1024px\" \/>\t\t\t\t\t\t\t\t\t\t\t\t\t\t\t<\/div>\n\t\t\t\t<\/div>\n\t\t\t\t\t<\/div>\n\t\t<\/div>\n\t\t\t\t\t\t\t<\/div>\n\t\t<\/section>\n\t\t\t\t<section class=\"elementor-section elementor-top-section elementor-element elementor-element-7e945b5 elementor-section-boxed elementor-section-height-default elementor-section-height-default\" data-id=\"7e945b5\" data-element_type=\"section\">\n\t\t\t\t\t\t<div class=\"elementor-container elementor-column-gap-default\">\n\t\t\t\t\t<div class=\"elementor-column elementor-col-100 elementor-top-column elementor-element elementor-element-6213933\" data-id=\"6213933\" data-element_type=\"column\">\n\t\t\t<div class=\"elementor-widget-wrap elementor-element-populated\">\n\t\t\t\t\t\t\t\t<div class=\"elementor-element elementor-element-d4b04b9 elementor-widget-divider--view-line elementor-widget elementor-widget-divider\" data-id=\"d4b04b9\" data-element_type=\"widget\" data-widget_type=\"divider.default\">\n\t\t\t\t<div class=\"elementor-widget-container\">\n\t\t\t\t\t<div class=\"elementor-divider\">\n\t\t\t<span class=\"elementor-divider-separator\">\n\t\t\t\t\t\t<\/span>\n\t\t<\/div>\n\t\t\t\t<\/div>\n\t\t\t\t<\/div>\n\t\t\t\t\t<\/div>\n\t\t<\/div>\n\t\t\t\t\t\t\t<\/div>\n\t\t<\/section>\n\t\t\t\t<section class=\"elementor-section elementor-top-section elementor-element elementor-element-0a0f42c elementor-section-boxed elementor-section-height-default elementor-section-height-default\" data-id=\"0a0f42c\" data-element_type=\"section\">\n\t\t\t\t\t\t<div class=\"elementor-container elementor-column-gap-default\">\n\t\t\t\t\t<div class=\"elementor-column elementor-col-100 elementor-top-column elementor-element elementor-element-bad2261\" data-id=\"bad2261\" data-element_type=\"column\">\n\t\t\t<div class=\"elementor-widget-wrap elementor-element-populated\">\n\t\t\t\t\t\t\t\t<div class=\"elementor-element elementor-element-7c8a9d9 elementor-widget elementor-widget-heading\" data-id=\"7c8a9d9\" data-element_type=\"widget\" data-widget_type=\"heading.default\">\n\t\t\t\t<div class=\"elementor-widget-container\">\n\t\t\t<h2 class=\"elementor-heading-title elementor-size-xl\">Acc\u00e8s<\/h2>\t\t<\/div>\n\t\t\t\t<\/div>\n\t\t\t\t<div class=\"elementor-element elementor-element-2f1e567 elementor-position-left elementor-view-default elementor-mobile-position-top elementor-vertical-align-top elementor-widget elementor-widget-icon-box\" data-id=\"2f1e567\" data-element_type=\"widget\" data-widget_type=\"icon-box.default\">\n\t\t\t\t<div class=\"elementor-widget-container\">\n\t\t\t\t\t<div class=\"elementor-icon-box-wrapper\">\n\t\t\t\t\t\t<div class=\"elementor-icon-box-icon\">\n\t\t\t\t<span class=\"elementor-icon elementor-animation-\" >\n\t\t\t\t<i class=\"fa fa-stethoscope\" aria-hidden=\"true\"><\/i>\t\t\t\t<\/span>\n\t\t\t<\/div>\n\t\t\t\t\t\t<div class=\"elementor-icon-box-content\">\n\t\t\t\t<h3 class=\"elementor-icon-box-title\">\n\t\t\t\t\t<span  >\n\t\t\t\t\t\tAdresse du cabinet\t\t\t\t\t<\/span>\n\t\t\t\t<\/h3>\n\t\t\t\t\t\t\t\t\t<p class=\"elementor-icon-box-description\">\n\t\t\t\t\t\t<b>Rue de G\u00e9ronsart, 327 - 5100 JAMBES (Namur)<\/b>\t\t\t\t\t<\/p>\n\t\t\t\t\t\t\t<\/div>\n\t\t<\/div>\n\t\t\t\t<\/div>\n\t\t\t\t<\/div>\n\t\t\t\t<div class=\"elementor-element elementor-element-8587b5d elementor-widget-divider--view-line elementor-widget elementor-widget-divider\" data-id=\"8587b5d\" data-element_type=\"widget\" data-widget_type=\"divider.default\">\n\t\t\t\t<div class=\"elementor-widget-container\">\n\t\t\t\t\t<div class=\"elementor-divider\">\n\t\t\t<span class=\"elementor-divider-separator\">\n\t\t\t\t\t\t<\/span>\n\t\t<\/div>\n\t\t\t\t<\/div>\n\t\t\t\t<\/div>\n\t\t\t\t<div class=\"elementor-element elementor-element-cea83af elementor-align-left elementor-icon-list--layout-traditional elementor-list-item-link-full_width elementor-widget elementor-widget-icon-list\" data-id=\"cea83af\" data-element_type=\"widget\" data-widget_type=\"icon-list.default\">\n\t\t\t\t<div class=\"elementor-widget-container\">\n\t\t\t\t\t<ul class=\"elementor-icon-list-items\">\n\t\t\t\t\t\t\t<li class=\"elementor-icon-list-item\">\n\t\t\t\t\t\t\t\t\t\t\t<span class=\"elementor-icon-list-icon\">\n\t\t\t\t\t\t\t\t\t\t\t\t\t\t\t\t<i class=\"fa fa-car\" aria-hidden=\"true\"><\/i>\n\t\t\t\t\t\t\t\t\t\t\t\t\t<\/span>\n\t\t\t\t\t\t\t\t\t\t<span class=\"elementor-icon-list-text\"><b>Parking :<\/b> ais\u00e9 dans la Rue de G\u00e9ronsart<\/span>\n\t\t\t\t\t\t\t\t\t<\/li>\n\t\t\t\t\t\t\t\t<li class=\"elementor-icon-list-item\">\n\t\t\t\t\t\t\t\t\t\t\t<span class=\"elementor-icon-list-icon\">\n\t\t\t\t\t\t\t\t\t\t\t\t\t\t\t\t<i class=\"fa fa-road\" aria-hidden=\"true\"><\/i>\n\t\t\t\t\t\t\t\t\t\t\t\t\t<\/span>\n\t\t\t\t\t\t\t\t\t\t<span class=\"elementor-icon-list-text\"><b>Situation :<\/b> \u00e0 proximit\u00e9 du Tennis Club de G\u00e9ronsart<\/span>\n\t\t\t\t\t\t\t\t\t<\/li>\n\t\t\t\t\t\t\t\t<li class=\"elementor-icon-list-item\">\n\t\t\t\t\t\t\t\t\t\t\t<span class=\"elementor-icon-list-icon\">\n\t\t\t\t\t\t\t\t\t\t\t\t\t\t\t\t<i class=\"fa fa-road\" aria-hidden=\"true\"><\/i>\n\t\t\t\t\t\t\t\t\t\t\t\t\t<\/span>\n\t\t\t\t\t\t\t\t\t\t<span class=\"elementor-icon-list-text\"><b>Grands axes :<\/b> perpendiculaire \u00e0 la N4 (Chauss\u00e9e de Marche)<\/span>\n\t\t\t\t\t\t\t\t\t<\/li>\n\t\t\t\t\t\t\t\t<li class=\"elementor-icon-list-item\">\n\t\t\t\t\t\t\t\t\t\t\t<span class=\"elementor-icon-list-icon\">\n\t\t\t\t\t\t\t\t\t\t\t\t\t\t\t\t<i class=\"fa fa-bus\" aria-hidden=\"true\"><\/i>\n\t\t\t\t\t\t\t\t\t\t\t\t\t<\/span>\n\t\t\t\t\t\t\t\t\t\t<span class=\"elementor-icon-list-text\"><b>Ligne de bus : 80<\/b> - Namur (gare) &gt; Jambes \/ <b>Arr\u00eat JAMBES Avenue du Petit-Sart<\/b> (1 min \u00e0 pied du cabinet)<\/span>\n\t\t\t\t\t\t\t\t\t<\/li>\n\t\t\t\t\t\t\t\t<li class=\"elementor-icon-list-item\">\n\t\t\t\t\t\t\t\t\t\t\t<span class=\"elementor-icon-list-icon\">\n\t\t\t\t\t\t\t\t\t\t\t\t\t\t\t\t<i class=\"fa fa-bus\" aria-hidden=\"true\"><\/i>\n\t\t\t\t\t\t\t\t\t\t\t\t\t<\/span>\n\t\t\t\t\t\t\t\t\t\t<span class=\"elementor-icon-list-text\"><b>Ligne de bus :  A<\/b> - Belgrade - Jambes Erpent \/ <b>Arr\u00eat ERPENT Tournoir<\/b> sur la Chauss\u00e9e de Marche (3 min \u00e0 pied du cabinet)<\/span>\n\t\t\t\t\t\t\t\t\t<\/li>\n\t\t\t\t\t\t\t\t<li class=\"elementor-icon-list-item\">\n\t\t\t\t\t\t\t\t\t\t\t<span class=\"elementor-icon-list-icon\">\n\t\t\t\t\t\t\t\t\t\t\t\t\t\t\t\t<i class=\"fa fa-bus\" aria-hidden=\"true\"><\/i>\n\t\t\t\t\t\t\t\t\t\t\t\t\t<\/span>\n\t\t\t\t\t\t\t\t\t\t<span class=\"elementor-icon-list-text\"><b>Ligne de bus :  42<\/b> - Namur - Faulx - Andenne-Seilles \/ <b>Arr\u00eat ERPENT Tournoir<\/b> sur la Chauss\u00e9e de Marche (3 min \u00e0 pied du cabinet)<\/span>\n\t\t\t\t\t\t\t\t\t<\/li>\n\t\t\t\t\t\t\t\t<li class=\"elementor-icon-list-item\">\n\t\t\t\t\t\t\t\t\t\t\t<span class=\"elementor-icon-list-icon\">\n\t\t\t\t\t\t\t\t\t\t\t\t\t\t\t\t<i class=\"fa fa-bus\" aria-hidden=\"true\"><\/i>\n\t\t\t\t\t\t\t\t\t\t\t\t\t<\/span>\n\t\t\t\t\t\t\t\t\t\t<span class=\"elementor-icon-list-text\"><b>Ligne de bus :  66<\/b> - Namur - Gesves - Ciney \/ <b>Arr\u00eat ERPENT Tournoir<\/b> sur la Chauss\u00e9e de Marche (3 min \u00e0 pied du cabinet)<\/span>\n\t\t\t\t\t\t\t\t\t<\/li>\n\t\t\t\t\t\t\t\t<li class=\"elementor-icon-list-item\">\n\t\t\t\t\t\t\t\t\t\t\t<span class=\"elementor-icon-list-icon\">\n\t\t\t\t\t\t\t\t\t\t\t\t\t\t\t\t<i class=\"fa fa-bus\" aria-hidden=\"true\"><\/i>\n\t\t\t\t\t\t\t\t\t\t\t\t\t<\/span>\n\t\t\t\t\t\t\t\t\t\t<span class=\"elementor-icon-list-text\"><b>Ligne de bus :  89<\/b> - Namur - Naninne \/ <b>Arr\u00eat ERPENT Tournoir<\/b> sur la Chauss\u00e9e de Marche (3 min \u00e0 pied du cabinet)<\/span>\n\t\t\t\t\t\t\t\t\t<\/li>\n\t\t\t\t\t\t<\/ul>\n\t\t\t\t<\/div>\n\t\t\t\t<\/div>\n\t\t\t\t\t<\/div>\n\t\t<\/div>\n\t\t\t\t\t\t\t<\/div>\n\t\t<\/section>\n\t\t\t\t<section class=\"elementor-section elementor-top-section elementor-element elementor-element-3f528a4 elementor-section-boxed elementor-section-height-default elementor-section-height-default\" data-id=\"3f528a4\" data-element_type=\"section\">\n\t\t\t\t\t\t<div class=\"elementor-container elementor-column-gap-default\">\n\t\t\t\t\t<div class=\"elementor-column elementor-col-100 elementor-top-column elementor-element elementor-element-5dbf176\" data-id=\"5dbf176\" data-element_type=\"column\">\n\t\t\t<div class=\"elementor-widget-wrap elementor-element-populated\">\n\t\t\t\t\t\t\t\t<div class=\"elementor-element elementor-element-de527b7 elementor-widget elementor-widget-html\" data-id=\"de527b7\" data-element_type=\"widget\" data-widget_type=\"html.default\">\n\t\t\t\t<div class=\"elementor-widget-container\">\n\t\t\t<iframe loading=\"lazy\" src=\"https:\/\/www.google.com\/maps\/embed?pb=!1m28!1m12!1m3!1d1529.9740389328708!2d4.891567339212299!3d50.44840077012107!2m3!1f0!2f0!3f0!3m2!1i1024!2i768!4f13.1!4m13!3e2!4m5!1s0x47c19854f353eed3%3A0xbe0ab4414b147195!2sERPENT+Tournoir!3m2!1d50.448355!2d4.894909!4m5!1s0x47c19854b6740403%3A0x420a7e8287b822c2!2sRue+de+G%C3%A9ronsart+327%2C+5100+Namur!3m2!1d50.4483086!2d4.8912945!5e0!3m2!1sfr!2sbe!4v1546509969219\" width=\"1000\" height=\"600\" frameborder=\"0\" style=\"border:0\" allowfullscreen><\/iframe>\t\t<\/div>\n\t\t\t\t<\/div>\n\t\t\t\t\t<\/div>\n\t\t<\/div>\n\t\t\t\t\t\t\t<\/div>\n\t\t<\/section>\n\t\t\t\t\t\t\t<\/div>\n\t\t","protected":false},"excerpt":{"rendered":"<p>Ophtalmologie Dr V\u00e9ronique Dejardin &amp; Dr Micheline Dejardin-d&rsquo;Horne +32 81 84 05 [&hellip;]<\/p>\n","protected":false},"author":3,"featured_media":0,"parent":0,"menu_order":0,"comment_status":"closed","ping_status":"closed","template":"elementor_header_footer","meta":[],"yoast_head":"<!-- This site is optimized with the Yoast SEO plugin v18.4.1 - https:\/\/yoast.com\/wordpress\/plugins\/seo\/ -->\n<title>Ophtalmologie Dr V\u00e9ronique Dejardin &amp; Dr Micheline Dejardin d&#039;Horne -<\/title>\n<meta name=\"robots\" content=\"index, follow, max-snippet:-1, max-image-preview:large, max-video-preview:-1\" \/>\n<link rel=\"canonical\" href=\"https:\/\/ophtalmologie-dejardin.be\/\" \/>\n<meta property=\"og:locale\" content=\"fr_FR\" \/>\n<meta property=\"og:type\" content=\"article\" \/>\n<meta property=\"og:title\" content=\"Ophtalmologie Dr V\u00e9ronique Dejardin &amp; Dr Micheline Dejardin d&#039;Horne -\" \/>\n<meta property=\"og:description\" content=\"Ophtalmologie Dr V\u00e9ronique Dejardin &amp; Dr Micheline Dejardin-d&rsquo;Horne +32 81 84 05 [&hellip;]\" \/>\n<meta property=\"og:url\" content=\"https:\/\/ophtalmologie-dejardin.be\/\" \/>\n<meta property=\"article:modified_time\" content=\"2019-06-05T09:08:57+00:00\" \/>\n<meta property=\"og:image\" content=\"http:\/\/ophtalmologie-dejardin.be\/wp-content\/uploads\/2019\/03\/Logo-1024x655.jpg\" \/>\n<meta name=\"twitter:card\" content=\"summary_large_image\" \/>\n<meta name=\"twitter:label1\" content=\"Dur\u00e9e de lecture estim\u00e9e\" \/>\n\t<meta name=\"twitter:data1\" content=\"1 minute\" \/>\n<script type=\"application\/ld+json\" class=\"yoast-schema-graph\">{\"@context\":\"https:\/\/schema.org\",\"@graph\":[{\"@type\":\"WebSite\",\"@id\":\"https:\/\/ophtalmologie-dejardin.be\/#website\",\"url\":\"https:\/\/ophtalmologie-dejardin.be\/\",\"name\":\"\",\"description\":\"\",\"potentialAction\":[{\"@type\":\"SearchAction\",\"target\":{\"@type\":\"EntryPoint\",\"urlTemplate\":\"https:\/\/ophtalmologie-dejardin.be\/?s={search_term_string}\"},\"query-input\":\"required name=search_term_string\"}],\"inLanguage\":\"fr-FR\"},{\"@type\":\"ImageObject\",\"@id\":\"https:\/\/ophtalmologie-dejardin.be\/#primaryimage\",\"inLanguage\":\"fr-FR\",\"url\":\"http:\/\/ophtalmologie-dejardin.be\/wp-content\/uploads\/2019\/03\/Logo-1024x655.jpg\",\"contentUrl\":\"http:\/\/ophtalmologie-dejardin.be\/wp-content\/uploads\/2019\/03\/Logo-1024x655.jpg\"},{\"@type\":\"WebPage\",\"@id\":\"https:\/\/ophtalmologie-dejardin.be\/#webpage\",\"url\":\"https:\/\/ophtalmologie-dejardin.be\/\",\"name\":\"Ophtalmologie Dr V\u00e9ronique Dejardin & Dr Micheline Dejardin d'Horne -\",\"isPartOf\":{\"@id\":\"https:\/\/ophtalmologie-dejardin.be\/#website\"},\"primaryImageOfPage\":{\"@id\":\"https:\/\/ophtalmologie-dejardin.be\/#primaryimage\"},\"datePublished\":\"2019-01-08T09:03:05+00:00\",\"dateModified\":\"2019-06-05T09:08:57+00:00\",\"breadcrumb\":{\"@id\":\"https:\/\/ophtalmologie-dejardin.be\/#breadcrumb\"},\"inLanguage\":\"fr-FR\",\"potentialAction\":[{\"@type\":\"ReadAction\",\"target\":[\"https:\/\/ophtalmologie-dejardin.be\/\"]}]},{\"@type\":\"BreadcrumbList\",\"@id\":\"https:\/\/ophtalmologie-dejardin.be\/#breadcrumb\",\"itemListElement\":[{\"@type\":\"ListItem\",\"position\":1,\"name\":\"Accueil\",\"item\":\"https:\/\/ophtalmologie-dejardin.be\/\"},{\"@type\":\"ListItem\",\"position\":2,\"name\":\"Ophtalmologie Dr V\u00e9ronique Dejardin &#038; Dr Micheline Dejardin d&rsquo;Horne\"}]}]}<\/script>\n<!-- \/ Yoast SEO plugin. -->","yoast_head_json":{"title":"Ophtalmologie Dr V\u00e9ronique Dejardin & Dr Micheline Dejardin d'Horne -","robots":{"index":"index","follow":"follow","max-snippet":"max-snippet:-1","max-image-preview":"max-image-preview:large","max-video-preview":"max-video-preview:-1"},"canonical":"https:\/\/ophtalmologie-dejardin.be\/","og_locale":"fr_FR","og_type":"article","og_title":"Ophtalmologie Dr V\u00e9ronique Dejardin & Dr Micheline Dejardin d'Horne -","og_description":"Ophtalmologie Dr V\u00e9ronique Dejardin &amp; Dr Micheline Dejardin-d&rsquo;Horne +32 81 84 05 [&hellip;]","og_url":"https:\/\/ophtalmologie-dejardin.be\/","article_modified_time":"2019-06-05T09:08:57+00:00","og_image":[{"url":"http:\/\/ophtalmologie-dejardin.be\/wp-content\/uploads\/2019\/03\/Logo-1024x655.jpg"}],"twitter_card":"summary_large_image","twitter_misc":{"Dur\u00e9e de lecture estim\u00e9e":"1 minute"},"schema":{"@context":"https:\/\/schema.org","@graph":[{"@type":"WebSite","@id":"https:\/\/ophtalmologie-dejardin.be\/#website","url":"https:\/\/ophtalmologie-dejardin.be\/","name":"","description":"","potentialAction":[{"@type":"SearchAction","target":{"@type":"EntryPoint","urlTemplate":"https:\/\/ophtalmologie-dejardin.be\/?s={search_term_string}"},"query-input":"required name=search_term_string"}],"inLanguage":"fr-FR"},{"@type":"ImageObject","@id":"https:\/\/ophtalmologie-dejardin.be\/#primaryimage","inLanguage":"fr-FR","url":"http:\/\/ophtalmologie-dejardin.be\/wp-content\/uploads\/2019\/03\/Logo-1024x655.jpg","contentUrl":"http:\/\/ophtalmologie-dejardin.be\/wp-content\/uploads\/2019\/03\/Logo-1024x655.jpg"},{"@type":"WebPage","@id":"https:\/\/ophtalmologie-dejardin.be\/#webpage","url":"https:\/\/ophtalmologie-dejardin.be\/","name":"Ophtalmologie Dr V\u00e9ronique Dejardin & Dr Micheline Dejardin d'Horne -","isPartOf":{"@id":"https:\/\/ophtalmologie-dejardin.be\/#website"},"primaryImageOfPage":{"@id":"https:\/\/ophtalmologie-dejardin.be\/#primaryimage"},"datePublished":"2019-01-08T09:03:05+00:00","dateModified":"2019-06-05T09:08:57+00:00","breadcrumb":{"@id":"https:\/\/ophtalmologie-dejardin.be\/#breadcrumb"},"inLanguage":"fr-FR","potentialAction":[{"@type":"ReadAction","target":["https:\/\/ophtalmologie-dejardin.be\/"]}]},{"@type":"BreadcrumbList","@id":"https:\/\/ophtalmologie-dejardin.be\/#breadcrumb","itemListElement":[{"@type":"ListItem","position":1,"name":"Accueil","item":"https:\/\/ophtalmologie-dejardin.be\/"},{"@type":"ListItem","position":2,"name":"Ophtalmologie Dr V\u00e9ronique Dejardin &#038; Dr Micheline Dejardin d&rsquo;Horne"}]}]}},"_links":{"self":[{"href":"https:\/\/ophtalmologie-dejardin.be\/index.php\/wp-json\/wp\/v2\/pages\/8"}],"collection":[{"href":"https:\/\/ophtalmologie-dejardin.be\/index.php\/wp-json\/wp\/v2\/pages"}],"about":[{"href":"https:\/\/ophtalmologie-dejardin.be\/index.php\/wp-json\/wp\/v2\/types\/page"}],"author":[{"embeddable":true,"href":"https:\/\/ophtalmologie-dejardin.be\/index.php\/wp-json\/wp\/v2\/users\/3"}],"replies":[{"embeddable":true,"href":"https:\/\/ophtalmologie-dejardin.be\/index.php\/wp-json\/wp\/v2\/comments?post=8"}],"version-history":[{"count":37,"href":"https:\/\/ophtalmologie-dejardin.be\/index.php\/wp-json\/wp\/v2\/pages\/8\/revisions"}],"predecessor-version":[{"id":91,"href":"https:\/\/ophtalmologie-dejardin.be\/index.php\/wp-json\/wp\/v2\/pages\/8\/revisions\/91"}],"wp:attachment":[{"href":"https:\/\/ophtalmologie-dejardin.be\/index.php\/wp-json\/wp\/v2\/media?parent=8"}],"curies":[{"name":"wp","href":"https:\/\/api.w.org\/{rel}","templated":true}]}}